{"id":30826,"date":"2024-07-31T12:18:13","date_gmt":"2024-07-31T09:18:13","guid":{"rendered":"https:\/\/kg-guitars.gr\/?post_type=product&#038;p=30826"},"modified":"2024-10-21T15:47:20","modified_gmt":"2024-10-21T12:47:20","slug":"ratchet-made-of-untreated-wood","status":"publish","type":"product","link":"https:\/\/kg-guitars.gr\/el\/product\/ratchet-made-of-untreated-wood\/","title":{"rendered":"Ratchet Made Of Untreated Wood"},"content":{"rendered":"<p><\/p>\n<h3>Ratchet Made Of Untreated Wood<\/h3>\n<p>Small effect and signal instrument\u00a0made of untreated wood with a penetrating and very loud sound\u00a0. Well suited for events such as carnivals and weddings, but also football matches and demonstrations where you want to set impressive musical accents.<\/p>\n<p>The ratchet; or R\u00e4tsche, Knarre, Schurre, Rappel, R\u00e4ppel, Gr\u00e4gger, as it is also called; has a long Catholic tradition during\u00a0Easter\u00a0in German-speaking countries . Since the suffering of Christ is remembered in silence during this time, the church bells fall silent from Good Friday to Easter Sunday. In order to call the faithful to prayer and remind them of the service, children run through the villages with the so-called\u00a0Good Friday ratchets\u00a0and whirl them around noisily. This custom is still practiced in many Catholic communities today.<\/p>\n<p>Wherever the aim is\u00a0to arouse the interest of the population , the\u00a0intense sound of the ratchet\u00a0is and has been\u00a0used for religious as well as secular purposes. For example, it rattles at the Jewish festival of Purim when the Book of Moses is read. It was used as\u00a0an alarm instrument\u00a0by night watchmen to warn sleeping people of danger, while winegrowers used it to keep birds away from vineyards. Even composers such as Mozart, Strauss and Orff used the ratchet in their music.<\/p>\n<p>A versatile effects instrument!<\/p>\n<p>&nbsp;<br \/>\n<iframe loading=\"lazy\" width=\"645\" height=\"363\" src=\"https:\/\/www.youtube.com\/embed\/0o4dW1yy_fA\" title=\"Wooden Ratchet\" frameborder=\"0\" allow=\"accelerometer; autoplay; clipboard-write; encrypted-media; gyroscope; picture-in-picture; web-share\" referrerpolicy=\"strict-origin-when-cross-origin\" allowfullscreen><\/iframe><\/p>","protected":false},"excerpt":{"rendered":"<p>Ratchet Made Of Untreated Wood Small effect and signal instrument\u00a0made of untreated wood with a penetrating and very loud sound\u00a0. Well suited for events such as carnivals and weddings, but also football matches and demonstrations where you want to set impressive musical accents. The ratchet; or R\u00e4tsche, Knarre, Schurre, Rappel, R\u00e4ppel, Gr\u00e4gger, as it is [&hellip;]<\/p>\n","protected":false},"featured_media":30827,"comment_status":"open","ping_status":"closed","template":"","meta":{"_acf_changed":false},"pwb-brand":[1010],"product_brand":[],"product_cat":[148,320],"product_tag":[],"class_list":{"0":"post-30826","1":"product","2":"type-product","3":"status-publish","4":"has-post-thumbnail","6":"pwb-brand-dan-moi","7":"product_cat-drums-percussions","8":"product_cat-percussions","10":"first","11":"instock","12":"shipping-taxable","13":"purchasable","14":"product-type-simple"},"acf":[],"brands":[{"id":1010,"name":"Dan Moi","slug":"dan-moi"}],"_links":{"self":[{"href":"https:\/\/kg-guitars.gr\/el\/wp-json\/wp\/v2\/product\/30826","targetHints":{"allow":["GET"]}}],"collection":[{"href":"https:\/\/kg-guitars.gr\/el\/wp-json\/wp\/v2\/product"}],"about":[{"href":"https:\/\/kg-guitars.gr\/el\/wp-json\/wp\/v2\/types\/product"}],"replies":[{"embeddable":true,"href":"https:\/\/kg-guitars.gr\/el\/wp-json\/wp\/v2\/comments?post=30826"}],"wp:featuredmedia":[{"embeddable":true,"href":"https:\/\/kg-guitars.gr\/el\/wp-json\/wp\/v2\/media\/30827"}],"wp:attachment":[{"href":"https:\/\/kg-guitars.gr\/el\/wp-json\/wp\/v2\/media?parent=30826"}],"wp:term":[{"taxonomy":"pwb-brand","embeddable":true,"href":"https:\/\/kg-guitars.gr\/el\/wp-json\/wp\/v2\/pwb-brand?post=30826"},{"taxonomy":"product_brand","embeddable":true,"href":"https:\/\/kg-guitars.gr\/el\/wp-json\/wp\/v2\/product_brand?post=30826"},{"taxonomy":"product_cat","embeddable":true,"href":"https:\/\/kg-guitars.gr\/el\/wp-json\/wp\/v2\/product_cat?post=30826"},{"taxonomy":"product_tag","embeddable":true,"href":"https:\/\/kg-guitars.gr\/el\/wp-json\/wp\/v2\/product_tag?post=30826"}],"curies":[{"name":"wp","href":"https:\/\/api.w.org\/{rel}","templated":true}]}}