{"id":4561,"date":"2017-10-29T17:27:19","date_gmt":"2017-10-29T17:27:19","guid":{"rendered":"http:\/\/newshop.kg-guitars.gr\/product\/haussel-jazzbucker-4-string-bridge-bass-pickup-ebony\/"},"modified":"2025-04-10T20:35:57","modified_gmt":"2025-04-10T17:35:57","slug":"haussel-jazzbucker-4-string-bridge-bass-pickup-ebony","status":"publish","type":"product","link":"https:\/\/kg-guitars.gr\/el\/product\/haussel-jazzbucker-4-string-bridge-bass-pickup-ebony\/","title":{"rendered":"H\u00e4ussel Jazzbucker 4-String Bridge Bass Pickup Ebony"},"content":{"rendered":"<p>H\u00e4ussel Jazzbucker 4-String Bridge Bass Pickup Ebony The H\u00e4ussel Jazzbuckers are humbuckers manufactured in wood mountings &#8211; they have 2 &#8216;original&#8217; JB coils. The single coil mode offers the player the JB sound (all original tones possible), while the HB mode provides new switching sound options in series or parallel. The neck PU is also available in a wide mounting with 2 coils &#8211; a bass guitar, for example, can be equipped with 4 JB pickups &#8211; and that offers an enormous spectrum of sounds.<\/p>\n","protected":false},"excerpt":{"rendered":"<p>H\u00e4ussel Jazzbucker 4-String Bridge Bass Pickup Ebony The H\u00e4ussel Jazzbuckers are humbuckers manufactured in wood mountings &#8211; they have 2 &#8216;original&#8217; JB coils. The single coil mode offers the player the JB sound (all original tones possible), while the HB mode provides new switching sound options in series or parallel. The neck PU is also [&hellip;]<\/p>\n","protected":false},"featured_media":6090,"comment_status":"open","ping_status":"closed","template":"","meta":{"_acf_changed":false},"pwb-brand":[707],"product_brand":[],"product_cat":[338,66],"product_tag":[],"class_list":{"0":"post-4561","1":"product","2":"type-product","3":"status-publish","4":"has-post-thumbnail","6":"pwb-brand-haussel_pickups","7":"product_cat-pickups","8":"product_cat-bass-pickups","10":"first","11":"outofstock","12":"shipping-taxable","13":"purchasable","14":"product-type-simple"},"acf":[],"brands":[{"id":707,"name":"Haussel Pickups","slug":"haussel_pickups"}],"_links":{"self":[{"href":"https:\/\/kg-guitars.gr\/el\/wp-json\/wp\/v2\/product\/4561","targetHints":{"allow":["GET"]}}],"collection":[{"href":"https:\/\/kg-guitars.gr\/el\/wp-json\/wp\/v2\/product"}],"about":[{"href":"https:\/\/kg-guitars.gr\/el\/wp-json\/wp\/v2\/types\/product"}],"replies":[{"embeddable":true,"href":"https:\/\/kg-guitars.gr\/el\/wp-json\/wp\/v2\/comments?post=4561"}],"wp:featuredmedia":[{"embeddable":true,"href":"https:\/\/kg-guitars.gr\/el\/wp-json\/wp\/v2\/media\/6090"}],"wp:attachment":[{"href":"https:\/\/kg-guitars.gr\/el\/wp-json\/wp\/v2\/media?parent=4561"}],"wp:term":[{"taxonomy":"pwb-brand","embeddable":true,"href":"https:\/\/kg-guitars.gr\/el\/wp-json\/wp\/v2\/pwb-brand?post=4561"},{"taxonomy":"product_brand","embeddable":true,"href":"https:\/\/kg-guitars.gr\/el\/wp-json\/wp\/v2\/product_brand?post=4561"},{"taxonomy":"product_cat","embeddable":true,"href":"https:\/\/kg-guitars.gr\/el\/wp-json\/wp\/v2\/product_cat?post=4561"},{"taxonomy":"product_tag","embeddable":true,"href":"https:\/\/kg-guitars.gr\/el\/wp-json\/wp\/v2\/product_tag?post=4561"}],"curies":[{"name":"wp","href":"https:\/\/api.w.org\/{rel}","templated":true}]}}